{"id":153,"date":"2025-03-29T08:18:44","date_gmt":"2025-03-29T07:18:44","guid":{"rendered":"https:\/\/podziemiepoznan.pl\/?page_id=153"},"modified":"2025-03-30T09:26:35","modified_gmt":"2025-03-30T07:26:35","slug":"oferta","status":"publish","type":"page","link":"https:\/\/podziemiepoznan.pl\/?page_id=153","title":{"rendered":"Oferta"},"content":{"rendered":"\n<div class=\"wp-block-uagb-container uagb-block-ouhzglfb alignfull uagb-is-root-container\"><div class=\"uagb-container-inner-blocks-wrap\">\n<div class=\"wp-block-uagb-info-box uagb-block-puluwzlt uagb-infobox__content-wrap  uagb-infobox-icon-above-title uagb-infobox-image-valign-top\"><div class=\"uagb-ifb-content\"><div class=\"uagb-ifb-title-wrap\"><h2 class=\"uagb-ifb-title\">Poznaj nasz\u0105 ofert\u0119<\/h2><\/div><p class=\"uagb-ifb-desc\">Podziemie to przestrze\u0144, w kt\u00f3rej nie tylko prze\u017cyjesz pe\u0142ne emocji starcia na planszy, ale tak\u017ce w miejsce w kt\u00f3rym zorganizujesz swoje urodziny, imprez\u0119 integracyjn\u0105, czy warsztaty. <\/p><\/div><\/div>\n\n\n\n<div class=\"wp-block-uagb-container uagb-block-yk5t2ffk\">\n<div class=\"wp-block-uagb-container uagb-block-kpeohdna\">\n<div class=\"wp-block-uagb-image alignleft uagb-block-ik9qixy3 wp-block-uagb-image--layout-default wp-block-uagb-image--effect-static wp-block-uagb-image--align-left\"><figure class=\"wp-block-uagb-image__figure\"><img decoding=\"async\" srcset=\"https:\/\/podziemiepoznan.pl\/wp-content\/uploads\/2025\/03\/ChatGPT-Image-30-mar-2025-o-09_23_57-1024x683.png ,https:\/\/podziemiepoznan.pl\/wp-content\/uploads\/2025\/03\/ChatGPT-Image-30-mar-2025-o-09_23_57.png 780w, https:\/\/podziemiepoznan.pl\/wp-content\/uploads\/2025\/03\/ChatGPT-Image-30-mar-2025-o-09_23_57.png 360w\" sizes=\"auto, (max-width: 480px) 150px\" src=\"https:\/\/podziemiepoznan.pl\/wp-content\/uploads\/2025\/03\/ChatGPT-Image-30-mar-2025-o-09_23_57-1024x683.png\" alt=\"\" class=\"uag-image-192\" width=\"600\" height=\"459\" title=\"ChatGPT Image 30 mar 2025 o 09_23_57\" loading=\"lazy\" role=\"img\"\/><\/figure><\/div>\n\n\n\n<div class=\"wp-block-uagb-container uagb-block-lkivthm1\">\n<div class=\"wp-block-uagb-info-box uagb-block-qbuegqxg uagb-infobox__content-wrap  uagb-infobox-icon-above-title uagb-infobox-image-valign-top\"><div class=\"uagb-ifb-content\"><div class=\"uagb-ifb-title-wrap\"><p class=\"uagb-ifb-title-prefix\">01<\/p><h3 class=\"uagb-ifb-title\">Przyjd\u017a i zagraj<\/h3><\/div><p class=\"uagb-ifb-desc\">Zapraszamy chwile pe\u0142ne emocji przy plansz\u00f3wkach! Dzia\u0142amy od wtorku do niedzieli \u2013 zbierz ekip\u0119 lub do\u0142\u0105cz do wydarzenia i wpadnij pogra\u0107. Nasza ekipa pomo\u017ce w wyborze gry, a dodatkowo zapewniamy szeroki wyb\u00f3r pysznych przek\u0105sek oraz napoj\u00f3w 0%.<\/p><\/div><\/div>\n<\/div>\n<\/div>\n\n\n\n<div class=\"wp-block-uagb-container uagb-block-s8v43ybg\">\n<div class=\"wp-block-uagb-container uagb-block-obu9i8zg\">\n<div class=\"wp-block-uagb-info-box uagb-block-gw9g21vb uagb-infobox__content-wrap  uagb-infobox-icon-above-title uagb-infobox-image-valign-top\"><div class=\"uagb-ifb-content\"><div class=\"uagb-ifb-title-wrap\"><p class=\"uagb-ifb-title-prefix\">02<\/p><h3 class=\"uagb-ifb-title\"><span data-pm-slice=\"1 1 []\" style=\"white-space: normal; caret-color: rgb(0, 0, 0); color: rgb(0, 0, 0);\">Urodziny i imprezy rodzinne<\/span><p style=\"font-weight: 400; white-space: normal; caret-color: rgb(0, 0, 0); color: rgb(0, 0, 0);\"><\/p><\/h3><\/div><p class=\"uagb-ifb-desc\">Spraw, by wyj\u0105tkowe chwile by\u0142y niezapomniane! Oferujemy organizacj\u0119 przyj\u0119\u0107 urodzinowych oraz innych uroczysto\u015bci rodzinnych. Zapewniamy przestrze\u0144, catering oraz wyj\u0105tkow\u0105 atmosfer\u0119 pe\u0142n\u0105 plansz\u00f3wek i zabawy.<\/p><\/div><\/div>\n<\/div>\n\n\n\n<div class=\"wp-block-uagb-image alignleft uagb-block-npw9sfdw wp-block-uagb-image--layout-default wp-block-uagb-image--effect-static wp-block-uagb-image--align-left\"><figure class=\"wp-block-uagb-image__figure\"><img decoding=\"async\" srcset=\"https:\/\/podziemiepoznan.pl\/wp-content\/uploads\/2025\/03\/ChatGPT-Image-29-mar-2025-o-08_47_08-1024x683.png ,https:\/\/podziemiepoznan.pl\/wp-content\/uploads\/2025\/03\/ChatGPT-Image-29-mar-2025-o-08_47_08.png 780w, https:\/\/podziemiepoznan.pl\/wp-content\/uploads\/2025\/03\/ChatGPT-Image-29-mar-2025-o-08_47_08.png 360w\" sizes=\"auto, (max-width: 480px) 150px\" src=\"https:\/\/podziemiepoznan.pl\/wp-content\/uploads\/2025\/03\/ChatGPT-Image-29-mar-2025-o-08_47_08-1024x683.png\" alt=\"\" class=\"uag-image-165\" width=\"600\" height=\"450\" title=\"ChatGPT Image 29 mar 2025 o 08_47_08\" loading=\"lazy\" role=\"img\"\/><\/figure><\/div>\n<\/div>\n\n\n\n<div class=\"wp-block-uagb-container uagb-block-r1szp0go\">\n<div class=\"wp-block-uagb-image alignleft uagb-block-wed7v29u wp-block-uagb-image--layout-default wp-block-uagb-image--effect-static wp-block-uagb-image--align-left\"><figure class=\"wp-block-uagb-image__figure\"><img decoding=\"async\" srcset=\"https:\/\/podziemiepoznan.pl\/wp-content\/uploads\/2025\/03\/ChatGPT-Image-29-mar-2025-o-09_03_32.png ,https:\/\/podziemiepoznan.pl\/wp-content\/uploads\/2025\/03\/ChatGPT-Image-29-mar-2025-o-09_03_32.png 780w, https:\/\/podziemiepoznan.pl\/wp-content\/uploads\/2025\/03\/ChatGPT-Image-29-mar-2025-o-09_03_32.png 360w\" sizes=\"auto, (max-width: 480px) 150px\" src=\"https:\/\/podziemiepoznan.pl\/wp-content\/uploads\/2025\/03\/ChatGPT-Image-29-mar-2025-o-09_03_32.png\" alt=\"\" class=\"uag-image-168\" width=\"600\" height=\"463\" title=\"ChatGPT Image 29 mar 2025 o 09_03_32\" loading=\"lazy\" role=\"img\"\/><\/figure><\/div>\n\n\n\n<div class=\"wp-block-uagb-container uagb-block-umiuwpyl\">\n<div class=\"wp-block-uagb-info-box uagb-block-r8qysv9j uagb-infobox__content-wrap  uagb-infobox-icon-above-title uagb-infobox-image-valign-top\"><div class=\"uagb-ifb-content\"><div class=\"uagb-ifb-title-wrap\"><p class=\"uagb-ifb-title-prefix\">03<\/p><h3 class=\"uagb-ifb-title\"><strong>Integracje firmowe<\/strong><\/h3><\/div><p class=\"uagb-ifb-desc\">Zorganizuj nietuzinkow\u0105 integracj\u0119 dla swojego zespo\u0142u! Nasz lokal zapewnia nie tylko rozrywk\u0119 przy plansz\u00f3wkach, ale r\u00f3wnie\u017c mo\u017cliwo\u015b\u0107 przeprowadzenia ciekawych gier i aktywno\u015bci integracyjnych, dostosowanych do potrzeb Twojej firmy.<\/p><\/div><\/div>\n<\/div>\n<\/div>\n\n\n\n<div class=\"wp-block-uagb-container uagb-block-ykn7yy6b\">\n<div class=\"wp-block-uagb-container uagb-block-sfeouo4u\">\n<div class=\"wp-block-uagb-info-box uagb-block-oxqk4ynp uagb-infobox__content-wrap  uagb-infobox-icon-above-title uagb-infobox-image-valign-top\"><div class=\"uagb-ifb-content\"><div class=\"uagb-ifb-title-wrap\"><p class=\"uagb-ifb-title-prefix\">04<\/p><h3 class=\"uagb-ifb-title\"><strong>Wynajem na warsztaty i wydarzenia<\/strong><\/h3><\/div><p class=\"uagb-ifb-desc\">Potrzebujesz przestrzeni na swoje wydarzenie? Nasz lokal \u015bwietnie sprawdzi si\u0119 jako miejsce na warsztaty, szkolenia, spotkania networkingowe i inne wydarzenia. Udost\u0119pniamy przestrze\u0144 wraz z pe\u0142nym wyposa\u017ceniem i mo\u017cliwo\u015bci\u0105 obs\u0142ugi cateringowej<\/p><\/div><\/div>\n<\/div>\n\n\n\n<div class=\"wp-block-uagb-image alignleft uagb-block-ant7f3zh wp-block-uagb-image--layout-default wp-block-uagb-image--effect-static wp-block-uagb-image--align-left\"><figure class=\"wp-block-uagb-image__figure\"><img decoding=\"async\" srcset=\"https:\/\/podziemiepoznan.pl\/wp-content\/uploads\/2025\/03\/ChatGPT-Image-29-mar-2025-o-09_09_47-1024x683.png ,https:\/\/podziemiepoznan.pl\/wp-content\/uploads\/2025\/03\/ChatGPT-Image-29-mar-2025-o-09_09_47.png 780w, https:\/\/podziemiepoznan.pl\/wp-content\/uploads\/2025\/03\/ChatGPT-Image-29-mar-2025-o-09_09_47.png 360w\" sizes=\"auto, (max-width: 480px) 150px\" src=\"https:\/\/podziemiepoznan.pl\/wp-content\/uploads\/2025\/03\/ChatGPT-Image-29-mar-2025-o-09_09_47-1024x683.png\" alt=\"\" class=\"uag-image-170\" width=\"600\" height=\"501\" title=\"ChatGPT Image 29 mar 2025 o 09_09_47\" loading=\"lazy\" role=\"img\"\/><\/figure><\/div>\n<\/div>\n<\/div>\n<\/div><\/div>\n\n\n\n<div class=\"wp-block-uagb-container uagb-block-vgvu4jwm alignfull uagb-is-root-container\"><div class=\"uagb-container-inner-blocks-wrap\">\n<div class=\"wp-block-uagb-info-box uagb-block-nszcup0h uagb-infobox__content-wrap  uagb-infobox-icon-above-title uagb-infobox-image-valign-top\"><div class=\"uagb-ifb-content\"><div class=\"uagb-ifb-title-wrap\"><p class=\"uagb-ifb-title-prefix\">Skontaktuj si\u0119 z nami<\/p><h2 class=\"uagb-ifb-title\">Razem zorganizujemy Twoje wydarzenie<\/h2><\/div><\/div><\/div>\n\n\n\n<div class=\"wp-block-uagb-buttons uagb-buttons__outer-wrap uagb-btn__default-btn uagb-btn-tablet__default-btn uagb-btn-mobile__default-btn uagb-block-owp2dtgc\"><div class=\"uagb-buttons__wrap uagb-buttons-layout-wrap \">\n<div class=\"wp-block-uagb-buttons-child uagb-buttons__outer-wrap uagb-block-22xfiff9 wp-block-button\"><div class=\"uagb-button__wrapper\"><a class=\"uagb-buttons-repeater wp-block-button__link\" aria-label=\"\" href=\"https:\/\/podziemiepoznan.pl\/?page_id=28\" rel=\"follow noopener\" target=\"_self\" role=\"button\"><div class=\"uagb-button__link\">Kontakt<\/div><\/a><\/div><\/div>\n<\/div><\/div>\n<\/div><\/div>\n","protected":false},"excerpt":{"rendered":"","protected":false},"author":1,"featured_media":0,"parent":0,"menu_order":0,"comment_status":"closed","ping_status":"closed","template":"","meta":{"om_disable_all_campaigns":false,"_uag_custom_page_level_css":"","_monsterinsights_skip_tracking":false,"_monsterinsights_sitenote_active":false,"_monsterinsights_sitenote_note":"","_monsterinsights_sitenote_category":0,"footnotes":""},"class_list":["post-153","page","type-page","status-publish","hentry"],"uagb_featured_image_src":{"full":false,"thumbnail":false,"medium":false,"medium_large":false,"large":false,"1536x1536":false,"2048x2048":false},"uagb_author_info":{"display_name":"admin-3KDTnLjf","author_link":"https:\/\/podziemiepoznan.pl\/?author=1"},"uagb_comment_info":0,"uagb_excerpt":null,"_links":{"self":[{"href":"https:\/\/podziemiepoznan.pl\/index.php?rest_route=\/wp\/v2\/pages\/153","targetHints":{"allow":["GET"]}}],"collection":[{"href":"https:\/\/podziemiepoznan.pl\/index.php?rest_route=\/wp\/v2\/pages"}],"about":[{"href":"https:\/\/podziemiepoznan.pl\/index.php?rest_route=\/wp\/v2\/types\/page"}],"author":[{"embeddable":true,"href":"https:\/\/podziemiepoznan.pl\/index.php?rest_route=\/wp\/v2\/users\/1"}],"replies":[{"embeddable":true,"href":"https:\/\/podziemiepoznan.pl\/index.php?rest_route=%2Fwp%2Fv2%2Fcomments&post=153"}],"version-history":[{"count":9,"href":"https:\/\/podziemiepoznan.pl\/index.php?rest_route=\/wp\/v2\/pages\/153\/revisions"}],"predecessor-version":[{"id":194,"href":"https:\/\/podziemiepoznan.pl\/index.php?rest_route=\/wp\/v2\/pages\/153\/revisions\/194"}],"wp:attachment":[{"href":"https:\/\/podziemiepoznan.pl\/index.php?rest_route=%2Fwp%2Fv2%2Fmedia&parent=153"}],"curies":[{"name":"wp","href":"https:\/\/api.w.org\/{rel}","templated":true}]}}